{"id":1095,"date":"2020-11-07T16:16:20","date_gmt":"2020-11-07T16:16:20","guid":{"rendered":"https:\/\/ferien-gadmen.ch\/contact-getting-here\/"},"modified":"2020-11-07T21:19:16","modified_gmt":"2020-11-07T21:19:16","slug":"contact-getting-here","status":"publish","type":"page","link":"https:\/\/ferien-gadmen.ch\/en\/contact-getting-here\/","title":{"rendered":"Contact &#038; how to get here"},"content":{"rendered":"<p><section class=\"ffb-id-3uenmaoc fg-section fg-el-has-bg fg-text-dark\"><span class=\"fg-bg\"><span data-fg-bg=\"{&quot;type&quot;:&quot;color&quot;,&quot;opacity&quot;:1,&quot;color&quot;:&quot;#f7f8fa&quot;}\" class=\"fg-bg-layer fg-bg-type-color \" style=\"opacity: 1; background-color: #f7f8fa;\"><\/span><\/span><div class=\"fg-container container-fluid fg-container-fluid fg-container-lvl--1 \"><div class=\"fg-row row    \" ><div class=\"ffb-id-3uenmaod fg-col col-xs-12 col-md-2 fg-text-dark\"><\/div><div class=\"ffb-id-3uenmaoe fg-col col-xs-12 col-md-8 fg-text-dark\"><h2 class=\"ffb-id-3uenmaoj fg-heading text-center    fg-text-dark\">Kontakt &amp; Anreise<\/h2><section class=\"ffb-id-3uenmaok divider-custom divider-alignment-center  fg-text-dark\"><div class=\"divider-custom-line fg-text-dark ffb-divider\"><\/div><\/section><h2 class=\"ffb-id-3uenmaol fg-heading text-center    fg-text-dark\">Kontakt<\/h2><div class=\"ffb-id-3uenmaom fg-paragraph ff-richtext text-center    fg-text-dark\"><\/p>\n<p>TOMSPANORAMA<\/p>\n<p>Telefon +41 79 662 48 13<\/p>\n<p>E-Mail: <a href=\"mailto:tomspanorama@ferien-gadmen.ch\">tomspanorama@ferien-gadmen.ch<\/a><\/p>\n<p><\/div><h2 class=\"ffb-id-413n1jqq fg-heading text-center    fg-text-dark\">Anreise<\/h2><div class=\"ffb-id-413n1jqr fg-paragraph ff-richtext text-center    fg-text-dark\"><\/p>\n<p>Gadmen liegt am Fusse des Sustenpasses im \u00f6stlichen Berner Oberland auf 1'206 m \u00fc. M. Innertkirchen liegt 15, Meiringen 25 und Interlaken 45 Autominuten entfernt.<\/p>\n<p>Unsere G\u00e4ste erreichen TOMSPANORAMA im Sommer und im Winter mit dem Auto, Bus, Motorrad, \u00f6ffentlichen Verkehrsmitteln (Postauto), Fahrrad oder zu Fuss. Parkpl\u00e4tze stehen zur Verf\u00fcgung und sind im Preis inbegriffen.<\/p>\n<p><\/div><\/div><div class=\"ffb-id-3uenmaon fg-col col-xs-12 col-md-2 fg-text-dark\"><\/div><\/div><\/div><\/section><style>.ffb-id-3uenmaoc{ padding-top: 80px;padding-bottom: 50px;}.ffb-id-3uenmaoe{ margin-bottom: 50px;}@media (min-width:992px) { .ffb-id-3uenmaoe{ margin-bottom: 100px;}}.ffb-id-413n1jqr ,.ffb-id-413n1jqr:before,.ffb-id-413n1jqr:after,.ffb-id-413n1jqr *,.ffb-id-413n1jqr *:before,.ffb-id-413n1jqr *:after{ color: #1d1d1b !important;}.ffb-id-413n1jqr a,.ffb-id-413n1jqr a:before,.ffb-id-413n1jqr a:after,.ffb-id-413n1jqr a *,.ffb-id-413n1jqr a *:before,.ffb-id-413n1jqr a *:after{ color: #4054a1 !important;}.ffb-id-413n1jqr{ font-family: custom-font-family-1, Arial, sans-serif !important;}.ffb-id-413n1jqr:before,.ffb-id-413n1jqr:after,.ffb-id-413n1jqr:hover,.ffb-id-413n1jqr:focus,.ffb-id-413n1jqr *,.ffb-id-413n1jqr *:before,.ffb-id-413n1jqr *:after,.ffb-id-413n1jqr *:hover,.ffb-id-413n1jqr *:focus{ font-family: custom-font-family-1, Arial, sans-serif !important;}.ffb-id-413n1jqr{ font-size: 18px !important;}.ffb-id-413n1jqr ,.ffb-id-413n1jqr:before,.ffb-id-413n1jqr:after,.ffb-id-413n1jqr:hover,.ffb-id-413n1jqr:focus,.ffb-id-413n1jqr *,.ffb-id-413n1jqr *:before,.ffb-id-413n1jqr *:after,.ffb-id-413n1jqr *:hover,.ffb-id-413n1jqr *:focus{ font-size: 18px !important;}.ffb-id-413n1jqq{ margin-top: 30px;margin-bottom: 30px;}@media (min-width:992px) { .ffb-id-413n1jqq{ margin-top: 50px;margin-bottom: 50px;}}.ffb-id-413n1jqq ,.ffb-id-413n1jqq:before,.ffb-id-413n1jqq:after,.ffb-id-413n1jqq *,.ffb-id-413n1jqq *:before,.ffb-id-413n1jqq *:after{ color: #1d1d1b !important;}.ffb-id-413n1jqq a,.ffb-id-413n1jqq a:before,.ffb-id-413n1jqq a:after,.ffb-id-413n1jqq a *,.ffb-id-413n1jqq a *:before,.ffb-id-413n1jqq a *:after{ color: #4054a1 !important;}.ffb-id-413n1jqq{ font-family: custom-font-family-2, Arial, sans-serif !important;}.ffb-id-413n1jqq:before,.ffb-id-413n1jqq:after,.ffb-id-413n1jqq:hover,.ffb-id-413n1jqq:focus,.ffb-id-413n1jqq *,.ffb-id-413n1jqq *:before,.ffb-id-413n1jqq *:after,.ffb-id-413n1jqq *:hover,.ffb-id-413n1jqq *:focus{ font-family: custom-font-family-2, Arial, sans-serif !important;}.ffb-id-413n1jqq{ font-size: 24px !important;font-weight: 700 !important;}.ffb-id-413n1jqq ,.ffb-id-413n1jqq:before,.ffb-id-413n1jqq:after,.ffb-id-413n1jqq:hover,.ffb-id-413n1jqq:focus,.ffb-id-413n1jqq *,.ffb-id-413n1jqq *:before,.ffb-id-413n1jqq *:after,.ffb-id-413n1jqq *:hover,.ffb-id-413n1jqq *:focus{ font-size: 24px !important;font-weight: 700 !important;}.ffb-id-3uenmaom ,.ffb-id-3uenmaom:before,.ffb-id-3uenmaom:after,.ffb-id-3uenmaom *,.ffb-id-3uenmaom *:before,.ffb-id-3uenmaom *:after{ color: #1d1d1b !important;}.ffb-id-3uenmaom a,.ffb-id-3uenmaom a:before,.ffb-id-3uenmaom a:after,.ffb-id-3uenmaom a *,.ffb-id-3uenmaom a *:before,.ffb-id-3uenmaom a *:after{ color: #4054a1 !important;}.ffb-id-3uenmaom{ font-family: custom-font-family-1, Arial, sans-serif !important;}.ffb-id-3uenmaom:before,.ffb-id-3uenmaom:after,.ffb-id-3uenmaom:hover,.ffb-id-3uenmaom:focus,.ffb-id-3uenmaom *,.ffb-id-3uenmaom *:before,.ffb-id-3uenmaom *:after,.ffb-id-3uenmaom *:hover,.ffb-id-3uenmaom *:focus{ font-family: custom-font-family-1, Arial, sans-serif !important;}.ffb-id-3uenmaom{ font-size: 18px !important;}.ffb-id-3uenmaom ,.ffb-id-3uenmaom:before,.ffb-id-3uenmaom:after,.ffb-id-3uenmaom:hover,.ffb-id-3uenmaom:focus,.ffb-id-3uenmaom *,.ffb-id-3uenmaom *:before,.ffb-id-3uenmaom *:after,.ffb-id-3uenmaom *:hover,.ffb-id-3uenmaom *:focus{ font-size: 18px !important;}.ffb-id-3uenmaol{ margin-bottom: 30px;}@media (min-width:992px) { .ffb-id-3uenmaol{ margin-bottom: 50px;}}.ffb-id-3uenmaol ,.ffb-id-3uenmaol:before,.ffb-id-3uenmaol:after,.ffb-id-3uenmaol *,.ffb-id-3uenmaol *:before,.ffb-id-3uenmaol *:after{ color: #1d1d1b !important;}.ffb-id-3uenmaol a,.ffb-id-3uenmaol a:before,.ffb-id-3uenmaol a:after,.ffb-id-3uenmaol a *,.ffb-id-3uenmaol a *:before,.ffb-id-3uenmaol a *:after{ color: #4054a1 !important;}.ffb-id-3uenmaol{ font-family: custom-font-family-2, Arial, sans-serif !important;}.ffb-id-3uenmaol:before,.ffb-id-3uenmaol:after,.ffb-id-3uenmaol:hover,.ffb-id-3uenmaol:focus,.ffb-id-3uenmaol *,.ffb-id-3uenmaol *:before,.ffb-id-3uenmaol *:after,.ffb-id-3uenmaol *:hover,.ffb-id-3uenmaol *:focus{ font-family: custom-font-family-2, Arial, sans-serif !important;}.ffb-id-3uenmaol{ font-size: 24px !important;font-weight: 700 !important;}.ffb-id-3uenmaol ,.ffb-id-3uenmaol:before,.ffb-id-3uenmaol:after,.ffb-id-3uenmaol:hover,.ffb-id-3uenmaol:focus,.ffb-id-3uenmaol *,.ffb-id-3uenmaol *:before,.ffb-id-3uenmaol *:after,.ffb-id-3uenmaol *:hover,.ffb-id-3uenmaol *:focus{ font-size: 24px !important;font-weight: 700 !important;}.ffb-id-3uenmaok .divider-custom-line{ background-color:#4054a1}.ffb-id-3uenmaoj ,.ffb-id-3uenmaoj:before,.ffb-id-3uenmaoj:after,.ffb-id-3uenmaoj *,.ffb-id-3uenmaoj *:before,.ffb-id-3uenmaoj *:after{ color: #4054a1 !important;}.ffb-id-3uenmaoj{ font-family: custom-font-family-2, Arial, sans-serif !important;}.ffb-id-3uenmaoj:before,.ffb-id-3uenmaoj:after,.ffb-id-3uenmaoj:hover,.ffb-id-3uenmaoj:focus,.ffb-id-3uenmaoj *,.ffb-id-3uenmaoj *:before,.ffb-id-3uenmaoj *:after,.ffb-id-3uenmaoj *:hover,.ffb-id-3uenmaoj *:focus{ font-family: custom-font-family-2, Arial, sans-serif !important;}.ffb-id-3uenmaoj{ font-size: 48px !important;font-weight: 700 !important;}.ffb-id-3uenmaoj ,.ffb-id-3uenmaoj:before,.ffb-id-3uenmaoj:after,.ffb-id-3uenmaoj:hover,.ffb-id-3uenmaoj:focus,.ffb-id-3uenmaoj *,.ffb-id-3uenmaoj *:before,.ffb-id-3uenmaoj *:after,.ffb-id-3uenmaoj *:hover,.ffb-id-3uenmaoj *:focus{ font-size: 48px !important;font-weight: 700 !important;}<\/style><script type=\"text\/javascript\"><\/script><section class=\"ffb-id-3uenm5nm fg-section fg-text-dark\"><div class=\"fg-container container-fluid fg-container-fluid fg-container-lvl--1 \"><div class=\"fg-row row    \" ><div class=\"ffb-id-3uenm5nn fg-col col-xs-12 col-md-12 fg-text-dark\"><div class=\"ffb-id-43o4gpea embed-video-external\"><div class=\"embed-responsive\"><iframe loading=\"lazy\"\tclass=\"embed-responsive-item\" src=\"https:\/\/www.google.com\/maps\/embed?pb=!1m18!1m12!1m3!1d87555.66669926693!2d8.294215507513751!3d46.70347363340998!2m3!1f0!2f0!3f0!3m2!1i1024!2i768!4f13.1!3m3!1m2!1s0x478562921acf0185%3A0xeb4de4218984b645!2s3863%20Gadmen!5e0!3m2!1sde!2sch!4v1593076601877!5m2!1sde!2sch\" width=\"600\" height=\"450\" frameborder=\"0\" style=\"border:0;\" allowfullscreen=\"\" aria-hidden=\"false\" tabindex=\"0\"><\/iframe><\/div><\/div><\/div><\/div><\/div><\/section><style>.ffb-id-3uenmaoc{ \npadding-top: 80px;\npadding-bottom: 50px;\n\n}\n.ffb-id-3uenmaoe{ \nmargin-bottom: 50px;\n\n}\n@media (min-width:992px) { \n.ffb-id-3uenmaoe{ \nmargin-bottom: 100px;\n\n}\n}.ffb-id-413n1jqr ,\n.ffb-id-413n1jqr:before,\n.ffb-id-413n1jqr:after,\n.ffb-id-413n1jqr *,\n.ffb-id-413n1jqr *:before,\n.ffb-id-413n1jqr *:after{ \ncolor: #1d1d1b !important;\n}\n.ffb-id-413n1jqr a,\n.ffb-id-413n1jqr a:before,\n.ffb-id-413n1jqr a:after,\n.ffb-id-413n1jqr a *,\n.ffb-id-413n1jqr a *:before,\n.ffb-id-413n1jqr a *:after{ \ncolor: #4054a1 !important;\n}\n.ffb-id-413n1jqr{ \nfont-family: custom-font-family-1, Arial, sans-serif !important;\n}\n.ffb-id-413n1jqr:before,\n.ffb-id-413n1jqr:after,\n.ffb-id-413n1jqr:hover,\n.ffb-id-413n1jqr:focus,\n.ffb-id-413n1jqr *,\n.ffb-id-413n1jqr *:before,\n.ffb-id-413n1jqr *:after,\n.ffb-id-413n1jqr *:hover,\n.ffb-id-413n1jqr *:focus{ \nfont-family: custom-font-family-1, Arial, sans-serif !important;\n}\n.ffb-id-413n1jqr{ \nfont-size: 18px !important;\n}\n.ffb-id-413n1jqr ,\n.ffb-id-413n1jqr:before,\n.ffb-id-413n1jqr:after,\n.ffb-id-413n1jqr:hover,\n.ffb-id-413n1jqr:focus,\n.ffb-id-413n1jqr *,\n.ffb-id-413n1jqr *:before,\n.ffb-id-413n1jqr *:after,\n.ffb-id-413n1jqr *:hover,\n.ffb-id-413n1jqr *:focus{ \nfont-size: 18px !important;\n}\n.ffb-id-413n1jqq{ \nmargin-top: 30px;\nmargin-bottom: 30px;\n\n}\n@media (min-width:992px) { \n.ffb-id-413n1jqq{ \nmargin-top: 50px;\nmargin-bottom: 50px;\n\n}\n}.ffb-id-413n1jqq ,\n.ffb-id-413n1jqq:before,\n.ffb-id-413n1jqq:after,\n.ffb-id-413n1jqq *,\n.ffb-id-413n1jqq *:before,\n.ffb-id-413n1jqq *:after{ \ncolor: #1d1d1b !important;\n}\n.ffb-id-413n1jqq a,\n.ffb-id-413n1jqq a:before,\n.ffb-id-413n1jqq a:after,\n.ffb-id-413n1jqq a *,\n.ffb-id-413n1jqq a *:before,\n.ffb-id-413n1jqq a *:after{ \ncolor: #4054a1 !important;\n}\n.ffb-id-413n1jqq{ \nfont-family: custom-font-family-2, Arial, sans-serif !important;\n}\n.ffb-id-413n1jqq:before,\n.ffb-id-413n1jqq:after,\n.ffb-id-413n1jqq:hover,\n.ffb-id-413n1jqq:focus,\n.ffb-id-413n1jqq *,\n.ffb-id-413n1jqq *:before,\n.ffb-id-413n1jqq *:after,\n.ffb-id-413n1jqq *:hover,\n.ffb-id-413n1jqq *:focus{ \nfont-family: custom-font-family-2, Arial, sans-serif !important;\n}\n.ffb-id-413n1jqq{ \nfont-size: 24px !important;\nfont-weight: 700 !important;\n}\n.ffb-id-413n1jqq ,\n.ffb-id-413n1jqq:before,\n.ffb-id-413n1jqq:after,\n.ffb-id-413n1jqq:hover,\n.ffb-id-413n1jqq:focus,\n.ffb-id-413n1jqq *,\n.ffb-id-413n1jqq *:before,\n.ffb-id-413n1jqq *:after,\n.ffb-id-413n1jqq *:hover,\n.ffb-id-413n1jqq *:focus{ \nfont-size: 24px !important;\nfont-weight: 700 !important;\n}\n.ffb-id-3uenmaom ,\n.ffb-id-3uenmaom:before,\n.ffb-id-3uenmaom:after,\n.ffb-id-3uenmaom *,\n.ffb-id-3uenmaom *:before,\n.ffb-id-3uenmaom *:after{ \ncolor: #1d1d1b !important;\n}\n.ffb-id-3uenmaom a,\n.ffb-id-3uenmaom a:before,\n.ffb-id-3uenmaom a:after,\n.ffb-id-3uenmaom a *,\n.ffb-id-3uenmaom a *:before,\n.ffb-id-3uenmaom a *:after{ \ncolor: #4054a1 !important;\n}\n.ffb-id-3uenmaom{ \nfont-family: custom-font-family-1, Arial, sans-serif !important;\n}\n.ffb-id-3uenmaom:before,\n.ffb-id-3uenmaom:after,\n.ffb-id-3uenmaom:hover,\n.ffb-id-3uenmaom:focus,\n.ffb-id-3uenmaom *,\n.ffb-id-3uenmaom *:before,\n.ffb-id-3uenmaom *:after,\n.ffb-id-3uenmaom *:hover,\n.ffb-id-3uenmaom *:focus{ \nfont-family: custom-font-family-1, Arial, sans-serif !important;\n}\n.ffb-id-3uenmaom{ \nfont-size: 18px !important;\n}\n.ffb-id-3uenmaom ,\n.ffb-id-3uenmaom:before,\n.ffb-id-3uenmaom:after,\n.ffb-id-3uenmaom:hover,\n.ffb-id-3uenmaom:focus,\n.ffb-id-3uenmaom *,\n.ffb-id-3uenmaom *:before,\n.ffb-id-3uenmaom *:after,\n.ffb-id-3uenmaom *:hover,\n.ffb-id-3uenmaom *:focus{ \nfont-size: 18px !important;\n}\n.ffb-id-3uenmaol{ \nmargin-bottom: 30px;\n\n}\n@media (min-width:992px) { \n.ffb-id-3uenmaol{ \nmargin-bottom: 50px;\n\n}\n}.ffb-id-3uenmaol ,\n.ffb-id-3uenmaol:before,\n.ffb-id-3uenmaol:after,\n.ffb-id-3uenmaol *,\n.ffb-id-3uenmaol *:before,\n.ffb-id-3uenmaol *:after{ \ncolor: #1d1d1b !important;\n}\n.ffb-id-3uenmaol a,\n.ffb-id-3uenmaol a:before,\n.ffb-id-3uenmaol a:after,\n.ffb-id-3uenmaol a *,\n.ffb-id-3uenmaol a *:before,\n.ffb-id-3uenmaol a *:after{ \ncolor: #4054a1 !important;\n}\n.ffb-id-3uenmaol{ \nfont-family: custom-font-family-2, Arial, sans-serif !important;\n}\n.ffb-id-3uenmaol:before,\n.ffb-id-3uenmaol:after,\n.ffb-id-3uenmaol:hover,\n.ffb-id-3uenmaol:focus,\n.ffb-id-3uenmaol *,\n.ffb-id-3uenmaol *:before,\n.ffb-id-3uenmaol *:after,\n.ffb-id-3uenmaol *:hover,\n.ffb-id-3uenmaol *:focus{ \nfont-family: custom-font-family-2, Arial, sans-serif !important;\n}\n.ffb-id-3uenmaol{ \nfont-size: 24px !important;\nfont-weight: 700 !important;\n}\n.ffb-id-3uenmaol ,\n.ffb-id-3uenmaol:before,\n.ffb-id-3uenmaol:after,\n.ffb-id-3uenmaol:hover,\n.ffb-id-3uenmaol:focus,\n.ffb-id-3uenmaol *,\n.ffb-id-3uenmaol *:before,\n.ffb-id-3uenmaol *:after,\n.ffb-id-3uenmaol *:hover,\n.ffb-id-3uenmaol *:focus{ \nfont-size: 24px !important;\nfont-weight: 700 !important;\n}\n.ffb-id-3uenmaok .divider-custom-line{ \nbackground-color:#4054a1\n}\n.ffb-id-3uenmaoj ,\n.ffb-id-3uenmaoj:before,\n.ffb-id-3uenmaoj:after,\n.ffb-id-3uenmaoj *,\n.ffb-id-3uenmaoj *:before,\n.ffb-id-3uenmaoj *:after{ \ncolor: #4054a1 !important;\n}\n.ffb-id-3uenmaoj{ \nfont-family: custom-font-family-2, Arial, sans-serif !important;\n}\n.ffb-id-3uenmaoj:before,\n.ffb-id-3uenmaoj:after,\n.ffb-id-3uenmaoj:hover,\n.ffb-id-3uenmaoj:focus,\n.ffb-id-3uenmaoj *,\n.ffb-id-3uenmaoj *:before,\n.ffb-id-3uenmaoj *:after,\n.ffb-id-3uenmaoj *:hover,\n.ffb-id-3uenmaoj *:focus{ \nfont-family: custom-font-family-2, Arial, sans-serif !important;\n}\n.ffb-id-3uenmaoj{ \nfont-size: 48px !important;\nfont-weight: 700 !important;\n}\n.ffb-id-3uenmaoj ,\n.ffb-id-3uenmaoj:before,\n.ffb-id-3uenmaoj:after,\n.ffb-id-3uenmaoj:hover,\n.ffb-id-3uenmaoj:focus,\n.ffb-id-3uenmaoj *,\n.ffb-id-3uenmaoj *:before,\n.ffb-id-3uenmaoj *:after,\n.ffb-id-3uenmaoj *:hover,\n.ffb-id-3uenmaoj *:focus{ \nfont-size: 48px !important;\nfont-weight: 700 !important;\n}\n.ffb-id-43o4gpea .embed-responsive{ padding-bottom:31.25%;}<\/style><script type=\"text\/javascript\"><\/script><section class=\"ffb-id-43o4jcv8 fg-section fg-text-dark\"><div class=\"fg-container container-fluid fg-container-fluid fg-container-lvl--1 \"><div class=\"fg-row row    \" ><div class=\"ffb-id-43o4jcv9 fg-col col-xs-12 col-md-12 fg-text-dark\"><\/div><\/div><\/div><\/section><style>.ffb-id-43o4gpea .embed-responsive{ \npadding-bottom:31.25%;\n}\n<\/style><script type=\"text\/javascript\"><\/script><\/p>\n","protected":false},"excerpt":{"rendered":"","protected":false},"author":1,"featured_media":0,"parent":0,"menu_order":0,"comment_status":"closed","ping_status":"closed","template":"","meta":{"_seopress_robots_primary_cat":"","_seopress_titles_title":"","_seopress_titles_desc":"","_seopress_robots_index":"","inline_featured_image":false,"footnotes":""},"class_list":["post-1095","page","type-page","status-publish","hentry","post-wrapper"],"_links":{"self":[{"href":"https:\/\/ferien-gadmen.ch\/en\/wp-json\/wp\/v2\/pages\/1095","targetHints":{"allow":["GET"]}}],"collection":[{"href":"https:\/\/ferien-gadmen.ch\/en\/wp-json\/wp\/v2\/pages"}],"about":[{"href":"https:\/\/ferien-gadmen.ch\/en\/wp-json\/wp\/v2\/types\/page"}],"author":[{"embeddable":true,"href":"https:\/\/ferien-gadmen.ch\/en\/wp-json\/wp\/v2\/users\/1"}],"replies":[{"embeddable":true,"href":"https:\/\/ferien-gadmen.ch\/en\/wp-json\/wp\/v2\/comments?post=1095"}],"version-history":[{"count":1,"href":"https:\/\/ferien-gadmen.ch\/en\/wp-json\/wp\/v2\/pages\/1095\/revisions"}],"predecessor-version":[{"id":1130,"href":"https:\/\/ferien-gadmen.ch\/en\/wp-json\/wp\/v2\/pages\/1095\/revisions\/1130"}],"wp:attachment":[{"href":"https:\/\/ferien-gadmen.ch\/en\/wp-json\/wp\/v2\/media?parent=1095"}],"curies":[{"name":"wp","href":"https:\/\/api.w.org\/{rel}","templated":true}]}}